{"id":838,"date":"2026-01-23T14:52:28","date_gmt":"2026-01-23T14:52:28","guid":{"rendered":"https:\/\/theooidonkrally2026.be\/privacybeleid\/"},"modified":"2026-03-17T08:52:00","modified_gmt":"2026-03-17T08:52:00","slug":"privacybeleid","status":"publish","type":"page","link":"https:\/\/theooidonkrally2026.be\/nl\/privacybeleid\/","title":{"rendered":"Privacybeleid"},"content":{"rendered":"\n<div class=\"wp-block-cover alignfull\"><img decoding=\"async\" width=\"2560\" height=\"1438\" class=\"wp-block-cover__image-background wp-image-23 lazyload\" alt=\"Vue a\u00e9rienne du Ch\u00e2teau d'Ooidonk entour\u00e9 de ses douves et de jardins verdoyants\" data-src=\"https:\/\/theooidonkrally2026.be\/wp-content\/uploads\/2026\/02\/DJI_0158-Modifier-scaled.jpg\" data-object-fit=\"cover\" data-srcset=\"https:\/\/theooidonkrally2026.be\/wp-content\/uploads\/2026\/02\/DJI_0158-Modifier-scaled.jpg 2560w, https:\/\/theooidonkrally2026.be\/wp-content\/uploads\/2026\/02\/DJI_0158-Modifier-scaled-600x337.jpg 600w\" data-sizes=\"(max-width: 2560px) 100vw, 2560px\" src=\"data:image\/svg+xml;base64,PHN2ZyB3aWR0aD0iMSIgaGVpZ2h0PSIxIiB4bWxucz0iaHR0cDovL3d3dy53My5vcmcvMjAwMC9zdmciPjwvc3ZnPg==\" style=\"--smush-placeholder-width: 2560px; --smush-placeholder-aspect-ratio: 2560\/1438;\" \/><span aria-hidden=\"true\" class=\"wp-block-cover__background has-background-dim\"><\/span><div class=\"wp-block-cover__inner-container is-layout-flow wp-block-cover-is-layout-flow\">\n<p class=\"has-text-align-center has-large-font-size\"><\/p>\n<\/div><\/div>\n\n<div style=\"height:100px\" aria-hidden=\"true\" class=\"wp-block-spacer\"><\/div>\n\n<p><strong>Privacybeleid<\/strong><\/p>\n\n<p><strong>Uitgever van deze website \/ AVG-contactpersoon <\/strong><\/p>\n\n<p>De verantwoordelijke voor de gegevensverwerking op de website **https:\/\/<a href=\"http:\/\/theooidonkrally2026.be\/nl\/\" target=\"_blank\" rel=\"noreferrer noopener\">theooidonkrally2026.be<\/a>** is de Belgische Vereniging van de Orde van Malta VZW, met zetel aan de Huart Hamoirlaan 43, 1030 Schaarbeek, RPR-nr. 0410.197.655<\/p>\n\n<p>Voor algemene vragen over de bescherming van uw gegevens kunt u contact opnemen met de functionaris voor gegevensbescherming (DPO) van de Belgische Vereniging van de Orde van Malta VZW via <a href=\"mailto:info@ordremaltebelgique.org\">info@ordremaltebelgique.org<\/a> of via <a href=\"mailto:ooidonkrallye2026@gmail.com\/\">ooidonkrallye2026@gmail.com\/<\/a> ter attentie van Guillaume de Posch<\/p>\n\n<p><strong>Doel van de verwerking van inschrijvingsgegevens<\/strong><\/p>\n\n<p>De gegevens die u ons verstrekt via het online inschrijvingsformulier\/ticketverkoop (naam, voornaam, e-mail, telefoon, eventuele voertuiggegevens, enz.) worden uitsluitend verzameld om: <\/p>\n\n<p>&#8211; uw inschrijving en deelname aan <em>The Ooidonk Rally 2026<\/em> mogelijk te maken; <\/p>\n\n<p>&#8211; het goede verloop van het evenement te organiseren (beheer van inschrijvingen, praktische communicatie); <\/p>\n\n<p>&#8211; betalingen met betrekking tot inschrijvingen te verwerken (via het platform WooCommerce \/ Stripe of via bankoverschrijving); <\/p>\n\n<p>&#8211; u indien nodig mededelingen te sturen die verband houden met het evenement (wijzigingen, herinneringen, resultaten) via Brevo<\/p>\n\n<p>  (e-mailmarketingplatform), op basis van uw toestemming.<\/p>\n\n<p>[event.thetehgroup] (<a href=\"https:\/\/event.thetehgroup.com\/data-privacy.pdf\" target=\"_blank\" rel=\"noreferrer noopener\">https:\/\/event.thetehgroup.com\/data-privacy.pdf<\/a>)<\/p>\n\n<p>De grondslagen voor deze verwerkingen zijn: <\/p>\n\n<p>&#8211; de uitvoering van een inschrijvingsdienst (ticket, inschrijving) voor het evenement; <\/p>\n\n<p>&#8211; het gerechtvaardigd belang van de organisatie van het evenement; <\/p>\n\n<p>&#8211; uw toestemming voor e-mailmarketing [termly] (<a href=\"https:\/\/termly.io\/resources\/articles\/wordpress-privacy-policy\/\" target=\"_blank\" rel=\"noreferrer noopener\">https:\/\/termly.io\/resources\/articles\/wordpress-privacy-policy\/<\/a>)<\/p>\n\n<p><strong> Verzamelde gegevens<\/strong><\/p>\n\n<p>De categorie\u00ebn gegevens die wij verzamelen zijn: <\/p>\n\n<p>&#8211; identiteits- en contactgegevens: naam, voornaam, e-mail, telefoon, adres indien nodig; <\/p>\n\n<p>&#8211; betalingsgegevens (verzameld via het Stripe-platform): bankgegevens, kaartinformatie, maar deze worden door ons niet op de server opgeslagen; [event.thetehgroup] (<a href=\"https:\/\/event.thetehgroup.com\/data-privacy.pdf\" target=\"_blank\" rel=\"noreferrer noopener\">https:\/\/event.thetehgroup.com\/data-privacy.pdf<\/a>)<\/p>\n\n<p>&#8211; gegevens noodzakelijk voor het evenement: type voertuig, bemanning, mogelijke specifieke tags\/vermeldingen gevraagd voor de organisatie van het evenement; <\/p>\n\n<p>&#8211; navigatiegegevens verzameld via Google Analytics 4, Google Tag Manager, Microsoft Clarity (zie sectie cookies). [youtube] (<a href=\"https:\/\/www.youtube.com\/watch?v=lIlqO4CoK-4\" target=\"_blank\" rel=\"noreferrer noopener\">https:\/\/www.youtube.com\/watch?v=lIlqO4CoK-4<\/a>) <\/p>\n\n<p><strong> Cookies en trackers<\/strong><\/p>\n\n<p>Navigatiegegevens op de site worden verzameld met behulp van: <\/p>\n\n<p>&#8211; Google Analytics 4 (GA4) en Google Tag Manager (GTM): geanonimiseerde analyse van bezoeken, bekeken pagina&#8217;s, conversies (betalingen, inschrijvingen); [wordpress] (<a href=\"https:\/\/wordpress.org\/plugins\/complianz-gdpr\/\" target=\"_blank\" rel=\"noreferrer noopener\">https:\/\/wordpress.org\/plugins\/complianz-gdpr\/<\/a>)<\/p>\n\n<p>&#8211; Microsoft Clarity: geanonimiseerde opnames van sessies, scrolls, klikken, om de gebruikerservaring te verbeteren. [youtube](<a href=\"https:\/\/www.youtube.com\/watch?v=lIlqO4CoK-4\" target=\"_blank\" rel=\"noreferrer noopener\">https:\/\/www.youtube.com\/watch?v=lIlqO4CoK-4<\/a>) <\/p>\n\n<p>Deze diensten zijn ge\u00efntegreerd via de Complianz-plugin, die de toestemming voor cookies beheert en scripts van derden blokkeert v\u00f3\u00f3r uw akkoord. [wpmayor](<a href=\"https:\/\/wpmayor.com\/complianz-tutorial\/\" target=\"_blank\" rel=\"noreferrer noopener\">https:\/\/wpmayor.com\/complianz-tutorial\/<\/a>) <\/p>\n\n<p>U kunt uw toestemming op elk moment intrekken of wijzigen via de link &#8220;Mijn voorkeuren beheren&#8221; in de cookiebanner<\/p>\n\n<p><strong>  Gebruik van het Brevo-platform voor e-mailmarketing<\/strong><\/p>\n\n<p>E-mailadressen die worden verstrekt in het kader van de inschrijving of via een inschrijvingsformulier voor de nieuwsbrief worden opgeslagen in Brevo (e-mailmarketingplatform) en uitsluitend gebruikt voor: <\/p>\n\n<p>&#8211; communicatie gerelateerd aan het evenement (praktische info, herinneringen, resultaten); <\/p>\n\n<p>&#8211; nieuwsbrieven gerelateerd aan de Belgische Vereniging van de Orde van Malta vzw, indien u hiermee heeft ingestemd. [trollsetlegendes](<a href=\"https:\/\/trollsetlegendes.be\/en\/legal-1\/privacy-policy\/\" target=\"_blank\" rel=\"noreferrer noopener\">https:\/\/trollsetlegendes.be\/en\/legal-1\/privacy-policy\/<\/a>) <\/p>\n\n<p>U kunt zich op elk moment afmelden via de link &#8220;uitschrijven&#8221; die in elke e-mail staat of door contact met ons op te nemen via het bovenstaande AVG-adres<strong>.<\/strong><\/p>\n\n<p><strong>Personen die toegang hebben tot de gegevens<\/strong><\/p>\n\n<p>De gegevens zijn toegankelijk voor: <\/p>\n\n<p>&#8211; de leden van het organisatieteam van <em>The Ooidonk Rally 2026<\/em>; <\/p>\n\n<p>&#8211; technische en betalingsdienstaanbieders: Stripe voor de verwerking van online betalingen; Brevo voor het centraal verzenden van e-mails; Google Analytics \/ Google Tag Manager en Microsoft Clarity voor de analyse van de navigatie. [coms](<a href=\"https:\/\/coms.app\/2026-hkadh\/documents\/gdpr\/gdpr_privacy_statement_en.html\" target=\"_blank\" rel=\"noreferrer noopener\">https:\/\/coms.app\/2026-hkadh\/documents\/gdpr\/gdpr_privacy_statement_en.html<\/a>) <\/p>\n\n<p>Deze dienstaanbieders zijn verplicht de vertrouwelijkheids- en beveiligingsverplichtingen van de AVG na te leven. [inami.fgov](<a href=\"https:\/\/www.inami.fgov.be\/fr\/professionnels\/info-pour-tous\/reglement-general-sur-la-protection-des-donnees-rgpd\" target=\"_blank\" rel=\"noreferrer noopener\">https:\/\/www.inami.fgov.be\/fr\/professionnels\/info-pour-tous\/reglement-general-sur-la-protection-des-donnees-rgpd<\/a>) <\/p>\n\n<p><strong>Bewaartermijn van de gegevens<\/strong><\/p>\n\n<p>De gegevens worden bewaard: <\/p>\n\n<p>&#8211; gedurende de tijd die nodig is voor de organisatie van het evenement (verkeer, balansen, uitwisselingen); <\/p>\n\n<p>&#8211; gedurende een redelijke termijn na het evenement, zijnde drie maanden, voor de geschiedenis van inschrijvingen en betalingen, tenzij er een wettelijke verplichting is tot langere bewaring (bijv. boekhouding). [coms](<a href=\"https:\/\/coms.app\/2026-hkadh\/documents\/gdpr\/gdpr_privacy_statement_en.html\" target=\"_blank\" rel=\"noreferrer noopener\">https:\/\/coms.app\/2026-hkadh\/documents\/gdpr\/gdpr_privacy_statement_en.html<\/a>) <\/p>\n\n<p>Na deze periode worden de gegevens verwijderd of geanonimiseerd. [ordredemaltebelgique](<a href=\"https:\/\/www.ordredemaltebelgique.org\/fr\/politique-de-confidentialite\" target=\"_blank\" rel=\"noreferrer noopener\">https:\/\/www.ordredemaltebelgique.org\/fr\/politique-de-confidentialite<\/a>) <\/p>\n\n<p><strong>  Rechten van de betrokken personen<\/strong><\/p>\n\n<p>In overeenstemming met de AVG beschikt u over de volgende rechten met betrekking tot uw gegevens: <\/p>\n\n<p>&#8211; recht op toegang tot uw gegevens; <\/p>\n\n<p>&#8211; recht op rectificatie als uw gegevens onjuist zijn; <\/p>\n\n<p>&#8211; recht op verwijdering (&#8220;recht om vergeten te worden&#8221;); <\/p>\n\n<p>&#8211; recht op beperking van de verwerking; <\/p>\n\n<p>&#8211; recht op overdraagbaarheid om uw gegevens in een gestructureerd en leesbaar formaat te ontvangen; <\/p>\n\n<p>&#8211; recht van bezwaar tegen het verzenden van marketingcommunicatie (nieuwsbrieven, herinneringen). [termly] (<a href=\"https:\/\/termly.io\/resources\/articles\/wordpress-privacy-policy\/\" target=\"_blank\" rel=\"noreferrer noopener\">https:\/\/termly.io\/resources\/articles\/wordpress-privacy-policy\/<\/a>) <\/p>\n\n<p>Om deze rechten uit te oefenen, kunt u contact opnemen met de verantwoordelijke via <a href=\"mailto:info@ordredemaltebelgique.org\">info@ordredemaltebelgique.org<\/a>. Er zal binnen een termijn van \u00e9\u00e9n maand een antwoord worden verstrekt. [ordredemaltebelgique] (<a href=\"https:\/\/www.ordredemaltebelgique.org\/fr\/politique-de-confidentialite\" target=\"_blank\" rel=\"noreferrer noopener\">https:\/\/www.ordredemaltebelgique.org\/fr\/politique-de-confidentialite<\/a>)  <\/p>\n\n<p><strong>  Klacht bij de toezichthoudende autoriteit<\/strong><\/p>\n\n<p>In geval van schending van uw rechten kunt u een klacht indienen bij de **Belgische Gegevensbeschermingsautoriteit (GBA)**, met zetel aan de Drukpersstraat 35, 1000 Brussel, of via de offici\u00eble website van de GBA. [lieutenantguillaume] (<a href=\"https:\/\/lieutenantguillaume.be\/charte-de-protection-des-donnees\/\" target=\"_blank\" rel=\"noreferrer noopener\">https:\/\/lieutenantguillaume.be\/charte-de-protection-des-donnees\/<\/a>) <\/p>\n\n<p><strong>Beveiliging van gegevens<\/strong><\/p>\n\n<p>De verzamelde gegevens worden verwerkt in een beveiligde omgeving binnen de redelijke grenzen van onze controle (beveiligde servers, SSL\/TLS-versleuteling voor betalingen via Stripe). [event.thetehgroup] (<a href=\"https:\/\/event.thetehgroup.com\/data-privacy.pdf\" target=\"_blank\" rel=\"noreferrer noopener\">https:\/\/event.thetehgroup.com\/data-privacy.pdf<\/a>) <\/p>\n\n<p>Er zijn technische en organisatorische maatregelen getroffen om de risico&#8217;s op verlies, ongeoorloofd gebruik of ongeoorloofde toegang tot de gegevens te beperken. [event.thetehgroup] (<a href=\"https:\/\/event.thetehgroup.com\/data-privacy.pdf\" target=\"_blank\" rel=\"noreferrer noopener\">https:\/\/event.thetehgroup.com\/data-privacy.pdf<\/a>) <\/p>\n\n<p><strong>Bijwerking van het privacybeleid<\/strong><\/p>\n\n<p>Het privacybeleid kan periodiek worden bijgewerkt. De meest recente versie is altijd toegankelijk op **<a href=\"http:\/\/theooidonkrally2026.be\/privacy**\" target=\"_blank\" rel=\"noreferrer noopener\">theooidonkrally2026.be\/privacy**<\/a>. [termly](<a href=\"https:\/\/termly.io\/resources\/articles\/wordpress-privacy-policy\/\" target=\"_blank\" rel=\"noreferrer noopener\">https:\/\/termly.io\/resources\/articles\/wordpre<\/a>  <\/p>\n","protected":false},"excerpt":{"rendered":"<p>Privacybeleid Uitgever van deze website \/ AVG-contactpersoon De verantwoordelijke voor de gegevensverwerking op de website **https:\/\/theooidonkrally2026.be** is de Belgische Vereniging [&hellip;]<\/p>\n","protected":false},"author":1,"featured_media":0,"parent":0,"menu_order":0,"comment_status":"closed","ping_status":"closed","template":"","meta":{"site-sidebar-layout":"default","site-content-layout":"","ast-site-content-layout":"default","site-content-style":"default","site-sidebar-style":"default","ast-global-header-display":"","ast-banner-title-visibility":"","ast-main-header-display":"","ast-hfb-above-header-display":"","ast-hfb-below-header-display":"","ast-hfb-mobile-header-display":"","site-post-title":"disabled","ast-breadcrumbs-content":"","ast-featured-img":"","footer-sml-layout":"","ast-disable-related-posts":"","theme-transparent-header-meta":"","adv-header-id-meta":"","stick-header-meta":"","header-above-stick-meta":"","header-main-stick-meta":"","header-below-stick-meta":"","astra-migrate-meta-layouts":"default","ast-page-background-enabled":"default","ast-page-background-meta":{"desktop":{"background-color":"var(--ast-global-color-5)","background-image":"","background-repeat":"repeat","background-position":"center center","background-size":"auto","background-attachment":"scroll","background-type":"","background-media":"","overlay-type":"","overlay-color":"","overlay-opacity":"","overlay-gradient":""},"tablet":{"background-color":"","background-image":"","background-repeat":"repeat","background-position":"center center","background-size":"auto","background-attachment":"scroll","background-type":"","background-media":"","overlay-type":"","overlay-color":"","overlay-opacity":"","overlay-gradient":""},"mobile":{"background-color":"","background-image":"","background-repeat":"repeat","background-position":"center center","background-size":"auto","background-attachment":"scroll","background-type":"","background-media":"","overlay-type":"","overlay-color":"","overlay-opacity":"","overlay-gradient":""}},"ast-content-background-meta":{"desktop":{"background-color":"var(--ast-global-color-4)","background-image":"","background-repeat":"repeat","background-position":"center center","background-size":"auto","background-attachment":"scroll","background-type":"","background-media":"","overlay-type":"","overlay-color":"","overlay-opacity":"","overlay-gradient":""},"tablet":{"background-color":"var(--ast-global-color-4)","background-image":"","background-repeat":"repeat","background-position":"center center","background-size":"auto","background-attachment":"scroll","background-type":"","background-media":"","overlay-type":"","overlay-color":"","overlay-opacity":"","overlay-gradient":""},"mobile":{"background-color":"var(--ast-global-color-4)","background-image":"","background-repeat":"repeat","background-position":"center center","background-size":"auto","background-attachment":"scroll","background-type":"","background-media":"","overlay-type":"","overlay-color":"","overlay-opacity":"","overlay-gradient":""}},"footnotes":""},"class_list":["post-838","page","type-page","status-publish","hentry"],"yoast_head":"<!-- This site is optimized with the Yoast SEO plugin v27.1.1 - https:\/\/yoast.com\/product\/yoast-seo-wordpress\/ -->\n<title>Privacybeleid - The Ooidonk Rally 2026<\/title>\n<meta name=\"robots\" content=\"index, follow, max-snippet:-1, max-image-preview:large, max-video-preview:-1\" \/>\n<link rel=\"canonical\" href=\"https:\/\/theooidonkrally2026.be\/nl\/privacybeleid\/\" \/>\n<meta property=\"og:locale\" content=\"nl_NL\" \/>\n<meta property=\"og:type\" content=\"article\" \/>\n<meta property=\"og:title\" content=\"Privacybeleid - The Ooidonk Rally 2026\" \/>\n<meta property=\"og:description\" content=\"Privacybeleid Uitgever van deze website \/ AVG-contactpersoon De verantwoordelijke voor de gegevensverwerking op de website **https:\/\/theooidonkrally2026.be** is de Belgische Vereniging [&hellip;]\" \/>\n<meta property=\"og:url\" content=\"https:\/\/theooidonkrally2026.be\/nl\/privacybeleid\/\" \/>\n<meta property=\"og:site_name\" content=\"The Ooidonk Rally 2026\" \/>\n<meta property=\"article:publisher\" content=\"https:\/\/www.facebook.com\/TheOoidonkRallye2026\/\" \/>\n<meta property=\"article:modified_time\" content=\"2026-03-17T08:52:00+00:00\" \/>\n<meta property=\"og:image\" content=\"https:\/\/theooidonkrally2026.be\/wp-content\/uploads\/2026\/02\/DJI_0158-Modifier-scaled.jpg\" \/>\n\t<meta property=\"og:image:width\" content=\"2560\" \/>\n\t<meta property=\"og:image:height\" content=\"1438\" \/>\n\t<meta property=\"og:image:type\" content=\"image\/jpeg\" \/>\n<script type=\"application\/ld+json\" class=\"yoast-schema-graph\">{\"@context\":\"https:\/\/schema.org\",\"@graph\":[{\"@type\":\"WebPage\",\"@id\":\"https:\/\/theooidonkrally2026.be\/nl\/privacybeleid\/\",\"url\":\"https:\/\/theooidonkrally2026.be\/nl\/privacybeleid\/\",\"name\":\"Privacybeleid - The Ooidonk Rally 2026\",\"isPartOf\":{\"@id\":\"https:\/\/theooidonkrally2026.be\/nl\/#website\"},\"primaryImageOfPage\":{\"@id\":\"https:\/\/theooidonkrally2026.be\/nl\/privacybeleid\/#primaryimage\"},\"image\":{\"@id\":\"https:\/\/theooidonkrally2026.be\/nl\/privacybeleid\/#primaryimage\"},\"thumbnailUrl\":\"https:\/\/theooidonkrally2026.be\/wp-content\/uploads\/2026\/02\/DJI_0158-Modifier-scaled.jpg\",\"datePublished\":\"2026-01-23T14:52:28+00:00\",\"dateModified\":\"2026-03-17T08:52:00+00:00\",\"breadcrumb\":{\"@id\":\"https:\/\/theooidonkrally2026.be\/nl\/privacybeleid\/#breadcrumb\"},\"inLanguage\":\"nl-NL\",\"potentialAction\":[{\"@type\":\"ReadAction\",\"target\":[\"https:\/\/theooidonkrally2026.be\/nl\/privacybeleid\/\"]}]},{\"@type\":\"ImageObject\",\"inLanguage\":\"nl-NL\",\"@id\":\"https:\/\/theooidonkrally2026.be\/nl\/privacybeleid\/#primaryimage\",\"url\":\"https:\/\/theooidonkrally2026.be\/wp-content\/uploads\/2026\/02\/DJI_0158-Modifier-scaled.jpg\",\"contentUrl\":\"https:\/\/theooidonkrally2026.be\/wp-content\/uploads\/2026\/02\/DJI_0158-Modifier-scaled.jpg\"},{\"@type\":\"BreadcrumbList\",\"@id\":\"https:\/\/theooidonkrally2026.be\/nl\/privacybeleid\/#breadcrumb\",\"itemListElement\":[{\"@type\":\"ListItem\",\"position\":1,\"name\":\"Accueil\",\"item\":\"https:\/\/theooidonkrally2026.be\/nl\/\"},{\"@type\":\"ListItem\",\"position\":2,\"name\":\"Privacybeleid\"}]},{\"@type\":\"WebSite\",\"@id\":\"https:\/\/theooidonkrally2026.be\/nl\/#website\",\"url\":\"https:\/\/theooidonkrally2026.be\/nl\/\",\"name\":\"https:\/\/theooidonkrally2026.be\",\"description\":\"\",\"publisher\":{\"@id\":\"https:\/\/theooidonkrally2026.be\/nl\/#organization\"},\"potentialAction\":[{\"@type\":\"SearchAction\",\"target\":{\"@type\":\"EntryPoint\",\"urlTemplate\":\"https:\/\/theooidonkrally2026.be\/nl\/?s={search_term_string}\"},\"query-input\":{\"@type\":\"PropertyValueSpecification\",\"valueRequired\":true,\"valueName\":\"search_term_string\"}}],\"inLanguage\":\"nl-NL\"},{\"@type\":\"Organization\",\"@id\":\"https:\/\/theooidonkrally2026.be\/nl\/#organization\",\"name\":\"Ordre de Malte Belgique\",\"url\":\"https:\/\/theooidonkrally2026.be\/nl\/\",\"logo\":{\"@type\":\"ImageObject\",\"inLanguage\":\"nl-NL\",\"@id\":\"https:\/\/theooidonkrally2026.be\/nl\/#\/schema\/logo\/image\/\",\"url\":\"https:\/\/theooidonkrally2026.be\/wp-content\/uploads\/2026\/02\/THE-OOIDONK-RALLY_logo_v_page-0001.jpg\",\"contentUrl\":\"https:\/\/theooidonkrally2026.be\/wp-content\/uploads\/2026\/02\/THE-OOIDONK-RALLY_logo_v_page-0001.jpg\",\"width\":1042,\"height\":714,\"caption\":\"Ordre de Malte Belgique\"},\"image\":{\"@id\":\"https:\/\/theooidonkrally2026.be\/nl\/#\/schema\/logo\/image\/\"},\"sameAs\":[\"https:\/\/www.facebook.com\/TheOoidonkRallye2026\/\",\"https:\/\/www.instagram.com\/the_ooidonk_rally_2026\"]}]}<\/script>\n<!-- \/ Yoast SEO plugin. -->","yoast_head_json":{"title":"Privacybeleid - The Ooidonk Rally 2026","robots":{"index":"index","follow":"follow","max-snippet":"max-snippet:-1","max-image-preview":"max-image-preview:large","max-video-preview":"max-video-preview:-1"},"canonical":"https:\/\/theooidonkrally2026.be\/nl\/privacybeleid\/","og_locale":"nl_NL","og_type":"article","og_title":"Privacybeleid - The Ooidonk Rally 2026","og_description":"Privacybeleid Uitgever van deze website \/ AVG-contactpersoon De verantwoordelijke voor de gegevensverwerking op de website **https:\/\/theooidonkrally2026.be** is de Belgische Vereniging [&hellip;]","og_url":"https:\/\/theooidonkrally2026.be\/nl\/privacybeleid\/","og_site_name":"The Ooidonk Rally 2026","article_publisher":"https:\/\/www.facebook.com\/TheOoidonkRallye2026\/","article_modified_time":"2026-03-17T08:52:00+00:00","og_image":[{"width":2560,"height":1438,"url":"https:\/\/theooidonkrally2026.be\/wp-content\/uploads\/2026\/02\/DJI_0158-Modifier-scaled.jpg","type":"image\/jpeg"}],"schema":{"@context":"https:\/\/schema.org","@graph":[{"@type":"WebPage","@id":"https:\/\/theooidonkrally2026.be\/nl\/privacybeleid\/","url":"https:\/\/theooidonkrally2026.be\/nl\/privacybeleid\/","name":"Privacybeleid - The Ooidonk Rally 2026","isPartOf":{"@id":"https:\/\/theooidonkrally2026.be\/nl\/#website"},"primaryImageOfPage":{"@id":"https:\/\/theooidonkrally2026.be\/nl\/privacybeleid\/#primaryimage"},"image":{"@id":"https:\/\/theooidonkrally2026.be\/nl\/privacybeleid\/#primaryimage"},"thumbnailUrl":"https:\/\/theooidonkrally2026.be\/wp-content\/uploads\/2026\/02\/DJI_0158-Modifier-scaled.jpg","datePublished":"2026-01-23T14:52:28+00:00","dateModified":"2026-03-17T08:52:00+00:00","breadcrumb":{"@id":"https:\/\/theooidonkrally2026.be\/nl\/privacybeleid\/#breadcrumb"},"inLanguage":"nl-NL","potentialAction":[{"@type":"ReadAction","target":["https:\/\/theooidonkrally2026.be\/nl\/privacybeleid\/"]}]},{"@type":"ImageObject","inLanguage":"nl-NL","@id":"https:\/\/theooidonkrally2026.be\/nl\/privacybeleid\/#primaryimage","url":"https:\/\/theooidonkrally2026.be\/wp-content\/uploads\/2026\/02\/DJI_0158-Modifier-scaled.jpg","contentUrl":"https:\/\/theooidonkrally2026.be\/wp-content\/uploads\/2026\/02\/DJI_0158-Modifier-scaled.jpg"},{"@type":"BreadcrumbList","@id":"https:\/\/theooidonkrally2026.be\/nl\/privacybeleid\/#breadcrumb","itemListElement":[{"@type":"ListItem","position":1,"name":"Accueil","item":"https:\/\/theooidonkrally2026.be\/nl\/"},{"@type":"ListItem","position":2,"name":"Privacybeleid"}]},{"@type":"WebSite","@id":"https:\/\/theooidonkrally2026.be\/nl\/#website","url":"https:\/\/theooidonkrally2026.be\/nl\/","name":"https:\/\/theooidonkrally2026.be","description":"","publisher":{"@id":"https:\/\/theooidonkrally2026.be\/nl\/#organization"},"potentialAction":[{"@type":"SearchAction","target":{"@type":"EntryPoint","urlTemplate":"https:\/\/theooidonkrally2026.be\/nl\/?s={search_term_string}"},"query-input":{"@type":"PropertyValueSpecification","valueRequired":true,"valueName":"search_term_string"}}],"inLanguage":"nl-NL"},{"@type":"Organization","@id":"https:\/\/theooidonkrally2026.be\/nl\/#organization","name":"Ordre de Malte Belgique","url":"https:\/\/theooidonkrally2026.be\/nl\/","logo":{"@type":"ImageObject","inLanguage":"nl-NL","@id":"https:\/\/theooidonkrally2026.be\/nl\/#\/schema\/logo\/image\/","url":"https:\/\/theooidonkrally2026.be\/wp-content\/uploads\/2026\/02\/THE-OOIDONK-RALLY_logo_v_page-0001.jpg","contentUrl":"https:\/\/theooidonkrally2026.be\/wp-content\/uploads\/2026\/02\/THE-OOIDONK-RALLY_logo_v_page-0001.jpg","width":1042,"height":714,"caption":"Ordre de Malte Belgique"},"image":{"@id":"https:\/\/theooidonkrally2026.be\/nl\/#\/schema\/logo\/image\/"},"sameAs":["https:\/\/www.facebook.com\/TheOoidonkRallye2026\/","https:\/\/www.instagram.com\/the_ooidonk_rally_2026"]}]}},"_links":{"self":[{"href":"https:\/\/theooidonkrally2026.be\/nl\/wp-json\/wp\/v2\/pages\/838","targetHints":{"allow":["GET"]}}],"collection":[{"href":"https:\/\/theooidonkrally2026.be\/nl\/wp-json\/wp\/v2\/pages"}],"about":[{"href":"https:\/\/theooidonkrally2026.be\/nl\/wp-json\/wp\/v2\/types\/page"}],"author":[{"embeddable":true,"href":"https:\/\/theooidonkrally2026.be\/nl\/wp-json\/wp\/v2\/users\/1"}],"replies":[{"embeddable":true,"href":"https:\/\/theooidonkrally2026.be\/nl\/wp-json\/wp\/v2\/comments?post=838"}],"version-history":[{"count":0,"href":"https:\/\/theooidonkrally2026.be\/nl\/wp-json\/wp\/v2\/pages\/838\/revisions"}],"wp:attachment":[{"href":"https:\/\/theooidonkrally2026.be\/nl\/wp-json\/wp\/v2\/media?parent=838"}],"curies":[{"name":"wp","href":"https:\/\/api.w.org\/{rel}","templated":true}]}}